{"id":10,"date":"2015-10-16T09:45:33","date_gmt":"2015-10-16T09:45:33","guid":{"rendered":"http:\/\/www.iyonchem.com\/?page_id=10"},"modified":"2016-01-29T09:56:03","modified_gmt":"2016-01-29T09:56:03","slug":"ana-sayfa","status":"publish","type":"page","link":"http:\/\/www.iyonchem.com\/en\/","title":{"rendered":"Home"},"content":{"rendered":"<p>Firmam\u0131z 2015-\u015eubat ay\u0131ndan bu yana, ba\u015fta tekstil olmak \u00fczere; yap\u0131 (in\u015faat), plastik, kozmetik, metal, kimyasallar\u0131n\u0131n \u00fcretimi, tedari\u011fi ve \u00fcr\u00fcn alternatiflerinin geli\u015ftirilmesi alanlar\u0131nda faaliyet g\u00f6stermektedir.<\/p>\n<p>\u00dcretim prensibinde kalite ve m\u00fc\u015fteri memnuniyetinin en \u00f6nde yer ald\u0131\u011f\u0131 iyonchem Kimya\u2019n\u0131n \u00f6ncelikli hedefi; alan\u0131nda uzman m\u00fchendis kadrosu, \u00e7al\u0131\u015fanlar\u0131 ve se\u00e7kin \u00fcr\u00fcnleriyle end\u00fcstriyel kimya sanayiine gereken hammadde teminini sa\u011flamak ve teknik, lojistik konularda kaliteli, sorunsuz hizmet sunmakt\u0131r.<\/p>\n<p>M\u00fc\u015fterileriyle i\u015fbirli\u011fi i\u00e7inde olarak her ge\u00e7en g\u00fcn daha fazla geli\u015fmeyi, g\u00fc\u00e7lenmeyi hedef alan iyonchem Kimya; zengin \u00fcr\u00fcn yelpazesi, \u00fcr\u00fcn kalitesi ile tercihinize uygun \u00fcr\u00fcn geli\u015ftirme ve tedari\u011finde \u00e7\u00f6z\u00fcm orta\u011f\u0131n\u0131zd\u0131r.<\/p>\n<p>&nbsp;<\/p>\n","protected":false},"excerpt":{"rendered":"<p>Firmam\u0131z 2015-\u015eubat ay\u0131ndan bu yana, ba\u015fta tekstil olmak \u00fczere; yap\u0131 (in\u015faat), plastik, kozmetik, metal, kimyasallar\u0131n\u0131n \u00fcretimi, tedari\u011fi ve \u00fcr\u00fcn alternatiflerinin geli\u015ftirilmesi alanlar\u0131nda faaliyet g\u00f6stermektedir. \u00dcretim prensibinde kalite ve m\u00fc\u015fteri memnuniyetinin &hellip; <\/p>\n","protected":false},"author":1,"featured_media":0,"parent":0,"menu_order":1,"comment_status":"closed","ping_status":"closed","template":"","meta":[],"_links":{"self":[{"href":"http:\/\/www.iyonchem.com\/en\/wp-json\/wp\/v2\/pages\/10"}],"collection":[{"href":"http:\/\/www.iyonchem.com\/en\/wp-json\/wp\/v2\/pages"}],"about":[{"href":"http:\/\/www.iyonchem.com\/en\/wp-json\/wp\/v2\/types\/page"}],"author":[{"embeddable":true,"href":"http:\/\/www.iyonchem.com\/en\/wp-json\/wp\/v2\/users\/1"}],"replies":[{"embeddable":true,"href":"http:\/\/www.iyonchem.com\/en\/wp-json\/wp\/v2\/comments?post=10"}],"version-history":[{"count":9,"href":"http:\/\/www.iyonchem.com\/en\/wp-json\/wp\/v2\/pages\/10\/revisions"}],"predecessor-version":[{"id":201,"href":"http:\/\/www.iyonchem.com\/en\/wp-json\/wp\/v2\/pages\/10\/revisions\/201"}],"wp:attachment":[{"href":"http:\/\/www.iyonchem.com\/en\/wp-json\/wp\/v2\/media?parent=10"}],"curies":[{"name":"wp","href":"https:\/\/api.w.org\/{rel}","templated":true}]}}